{"id":77,"date":"2023-09-12T09:35:16","date_gmt":"2023-09-12T09:35:16","guid":{"rendered":"https:\/\/onclegilles.com\/?page_id=77"},"modified":"2023-09-12T09:35:16","modified_gmt":"2023-09-12T09:35:16","slug":"bienvenue-chez-oncle-gilles","status":"publish","type":"page","link":"https:\/\/onclegilles.com\/","title":{"rendered":"BIENVENUE CHEZ ONCLE GILLES!"},"content":{"rendered":"\n<p><strong>\u00ab&nbsp;Oncle Gilles&nbsp;\u00bb vous propose d\u2019enrichir votre ludoth\u00e8que&nbsp;avec&nbsp;des jeux originaux qui vous feront&nbsp;partager de bons moments, en&nbsp;famille ou entre amis : des jeux de soci\u00e9t\u00e9 amusants, esth\u00e9tiques, faciles \u00e0 emporter partout et&nbsp;aux parties rapides.<\/strong><\/p>\n","protected":false},"excerpt":{"rendered":"<p>\u00ab&nbsp;Oncle Gilles&nbsp;\u00bb vous propose d\u2019enrichir votre ludoth\u00e8que&nbsp;avec&nbsp;des jeux originaux qui vous feront&nbsp;partager de bons moments, en&nbsp;famille ou entre amis : des jeux de soci\u00e9t\u00e9 amusants, [&#8230;]<\/p>\n","protected":false},"author":1,"featured_media":0,"parent":0,"menu_order":0,"comment_status":"closed","ping_status":"closed","template":"","meta":{"footnotes":""},"class_list":["post-77","page","type-page","status-publish","hentry"],"_links":{"self":[{"href":"https:\/\/onclegilles.com\/index.php?rest_route=\/wp\/v2\/pages\/77","targetHints":{"allow":["GET"]}}],"collection":[{"href":"https:\/\/onclegilles.com\/index.php?rest_route=\/wp\/v2\/pages"}],"about":[{"href":"https:\/\/onclegilles.com\/index.php?rest_route=\/wp\/v2\/types\/page"}],"author":[{"embeddable":true,"href":"https:\/\/onclegilles.com\/index.php?rest_route=\/wp\/v2\/users\/1"}],"replies":[{"embeddable":true,"href":"https:\/\/onclegilles.com\/index.php?rest_route=%2Fwp%2Fv2%2Fcomments&post=77"}],"version-history":[{"count":2,"href":"https:\/\/onclegilles.com\/index.php?rest_route=\/wp\/v2\/pages\/77\/revisions"}],"predecessor-version":[{"id":79,"href":"https:\/\/onclegilles.com\/index.php?rest_route=\/wp\/v2\/pages\/77\/revisions\/79"}],"wp:attachment":[{"href":"https:\/\/onclegilles.com\/index.php?rest_route=%2Fwp%2Fv2%2Fmedia&parent=77"}],"curies":[{"name":"wp","href":"https:\/\/api.w.org\/{rel}","templated":true}]}}